{"id":37,"date":"2020-09-21T16:39:12","date_gmt":"2020-09-21T14:39:12","guid":{"rendered":"https:\/\/macbrowser.fr\/?page_id=37"},"modified":"2023-10-02T15:27:14","modified_gmt":"2023-10-02T13:27:14","slug":"societe","status":"publish","type":"page","link":"https:\/\/macbrowser.fr\/index.php\/societe\/","title":{"rendered":"Soci\u00e9t\u00e9 Macbrowser"},"content":{"rendered":"<p>[et_pb_section fb_built=\u00a0\u00bb1&Prime; _builder_version=\u00a0\u00bb4.16&Prime; _module_preset=\u00a0\u00bbdefault\u00a0\u00bb use_background_color_gradient=\u00a0\u00bbon\u00a0\u00bb background_color_gradient_stops=\u00a0\u00bb#000000 0%|rgba(10,2,2,0) 100%\u00a0\u00bb background_color_gradient_start=\u00a0\u00bb#000000&Prime; background_color_gradient_end=\u00a0\u00bbrgba(10,2,2,0)\u00a0\u00bb background_image=\u00a0\u00bbhttps:\/\/macbrowser.fr\/wp-content\/uploads\/2021\/01\/head5-min.jpg\u00a0\u00bb parallax=\u00a0\u00bbon\u00a0\u00bb custom_padding=\u00a0\u00bb166px||166px||true|\u00a0\u00bb global_colors_info=\u00a0\u00bb{}\u00a0\u00bb][et_pb_row column_structure=\u00a0\u00bb1_2,1_2&Prime; _builder_version=\u00a0\u00bb4.16&Prime; _module_preset=\u00a0\u00bbdefault\u00a0\u00bb global_colors_info=\u00a0\u00bb{}\u00a0\u00bb][et_pb_column type=\u00a0\u00bb1_2&Prime; _builder_version=\u00a0\u00bb4.16&Prime; _module_preset=\u00a0\u00bbdefault\u00a0\u00bb global_colors_info=\u00a0\u00bb{}\u00a0\u00bb][et_pb_text _builder_version=\u00a0\u00bb4.16&Prime; _module_preset=\u00a0\u00bbdefault\u00a0\u00bb text_text_color=\u00a0\u00bb#ffffff\u00a0\u00bb header_2_font=\u00a0\u00bbMontserrat|300|||||||\u00a0\u00bb header_2_text_color=\u00a0\u00bb#ffffff\u00a0\u00bb header_2_font_size=\u00a0\u00bb45px\u00a0\u00bb global_colors_info=\u00a0\u00bb{}\u00a0\u00bb]<\/p>\n<h2>Qui est Macbrowser?<\/h2>\n<p>&nbsp;<\/p>\n<hr class=\"main\" \/>\n<p>&nbsp;<\/p>\n<p>Fort d\u2019une expertise d\u2019une vingtaine d\u2019ann\u00e9es, Macbrowser est une soci\u00e9t\u00e9 de r\u00e9paration et de formation sp\u00e9cialis\u00e9e Apple. Notre mantra : r\u00e9activit\u00e9, sens du service, \u00e9cologie et garantie. Notre objectif premier est de vous soulager rapidement de vos probl\u00e8mes techniques, dans un esprit \u00e9cologique de r\u00e9paration et non de remplacement.<\/p>\n<p><strong>Contactez-nous, nous vous recevons sur rendez-vous ou nous d\u00e9pla\u00e7ons.<\/strong><\/p>\n<p>[\/et_pb_text][\/et_pb_column][et_pb_column type=\u00a0\u00bb1_2&Prime; _builder_version=\u00a0\u00bb4.16&Prime; _module_preset=\u00a0\u00bbdefault\u00a0\u00bb global_colors_info=\u00a0\u00bb{}\u00a0\u00bb][\/et_pb_column][\/et_pb_row][\/et_pb_section][et_pb_section fb_built=\u00a0\u00bb1&Prime; _builder_version=\u00a0\u00bb4.16&Prime; _module_preset=\u00a0\u00bbdefault\u00a0\u00bb custom_padding=\u00a0\u00bb0px|||||\u00a0\u00bb global_colors_info=\u00a0\u00bb{}\u00a0\u00bb][et_pb_row use_custom_gutter=\u00a0\u00bbon\u00a0\u00bb gutter_width=\u00a0\u00bb4&Prime; _builder_version=\u00a0\u00bb4.16&Prime; _module_preset=\u00a0\u00bbdefault\u00a0\u00bb width=\u00a0\u00bb100%\u00a0\u00bb max_width=\u00a0\u00bb2560px\u00a0\u00bb custom_padding=\u00a0\u00bb0px||||false|false\u00a0\u00bb global_colors_info=\u00a0\u00bb{}\u00a0\u00bb][et_pb_column type=\u00a0\u00bb4_4&Prime; _builder_version=\u00a0\u00bb4.16&Prime; _module_preset=\u00a0\u00bbdefault\u00a0\u00bb global_colors_info=\u00a0\u00bb{}\u00a0\u00bb][et_pb_button button_url=\u00a0\u00bbhttps:\/\/macbrowser.fr\/index.php\/687-2\/\u00a0\u00bb button_text=\u00a0\u00bbPrendre Rendez-vous\u00a0\u00bb button_alignment=\u00a0\u00bbright\u00a0\u00bb _builder_version=\u00a0\u00bb4.22.2&Prime; _module_preset=\u00a0\u00bbdefault\u00a0\u00bb custom_button=\u00a0\u00bbon\u00a0\u00bb button_text_color=\u00a0\u00bb#ffffff\u00a0\u00bb button_bg_color=\u00a0\u00bb#ed502c\u00a0\u00bb button_border_width=\u00a0\u00bb0px\u00a0\u00bb button_border_radius=\u00a0\u00bb0px\u00a0\u00bb button_font=\u00a0\u00bbMontserrat|700|||||||\u00a0\u00bb button_icon=\u00a0\u00bb&#x45;||divi||400&Prime; button_on_hover=\u00a0\u00bboff\u00a0\u00bb custom_margin=\u00a0\u00bb-40px|||||\u00a0\u00bb custom_padding=\u00a0\u00bb23px|50px|23px|50px|true|true\u00a0\u00bb hover_enabled=\u00a0\u00bb0&Prime; global_colors_info=\u00a0\u00bb{}\u00a0\u00bb custom_margin__hover_enabled=\u00a0\u00bboff|desktop\u00a0\u00bb sticky_enabled=\u00a0\u00bb0&Prime;][\/et_pb_button][\/et_pb_column][\/et_pb_row][\/et_pb_section][et_pb_section fb_built=\u00a0\u00bb1&Prime; custom_padding_last_edited=\u00a0\u00bbon|phone\u00a0\u00bb _builder_version=\u00a0\u00bb4.16&Prime; _module_preset=\u00a0\u00bbdefault\u00a0\u00bb custom_padding_tablet=\u00a0\u00bb\u00a0\u00bb custom_padding_phone=\u00a0\u00bb0px||0px||true|false\u00a0\u00bb global_colors_info=\u00a0\u00bb{}\u00a0\u00bb][et_pb_row column_structure=\u00a0\u00bb1_3,1_3,1_3&Prime; _builder_version=\u00a0\u00bb4.16&Prime; _module_preset=\u00a0\u00bbdefault\u00a0\u00bb background_enable_color=\u00a0\u00bboff\u00a0\u00bb custom_margin_tablet=\u00a0\u00bb\u00a0\u00bb custom_margin_phone=\u00a0\u00bb\u00a0\u00bb custom_margin_last_edited=\u00a0\u00bbon|phone\u00a0\u00bb custom_padding=\u00a0\u00bb0px||0px||true|false\u00a0\u00bb border_radii=\u00a0\u00bboff||||\u00a0\u00bb global_colors_info=\u00a0\u00bb{}\u00a0\u00bb][et_pb_column type=\u00a0\u00bb1_3&Prime; _builder_version=\u00a0\u00bb4.16&Prime; _module_preset=\u00a0\u00bbdefault\u00a0\u00bb global_colors_info=\u00a0\u00bb{}\u00a0\u00bb][\/et_pb_column][et_pb_column type=\u00a0\u00bb1_3&Prime; _builder_version=\u00a0\u00bb4.16&Prime; _module_preset=\u00a0\u00bbdefault\u00a0\u00bb global_colors_info=\u00a0\u00bb{}\u00a0\u00bb][et_pb_team_member name=\u00a0\u00bbThomas Vitry\u00a0\u00bb position=\u00a0\u00bbDirigeant\u00a0\u00bb image_url=\u00a0\u00bbhttps:\/\/macbrowser.fr\/wp-content\/uploads\/2020\/09\/Thomas_Vitry1.png\u00a0\u00bb _builder_version=\u00a0\u00bb4.16&Prime; _module_preset=\u00a0\u00bbdefault\u00a0\u00bb header_font=\u00a0\u00bbMontserrat||||||||\u00a0\u00bb header_text_color=\u00a0\u00bb#ed502c\u00a0\u00bb header_font_size=\u00a0\u00bb31px\u00a0\u00bb global_colors_info=\u00a0\u00bb{}\u00a0\u00bb]<\/p>\n<p style=\"text-align: justify;\"><span>Ancien conseiller expert du \u201cGenius Bar\u201d de l\u2019Apple Store de Bordeaux, Thomas Vitry a cr\u00e9\u00e9\u00a0<\/span><span><b>Macbrowser<\/b><\/span><span>\u00a0il y a une dizaine d\u2019ann\u00e9es, pour r\u00e9pondre avec souplesse \u00e0 la demande croissante de r\u00e9paration, formation ou configuration. Il vous re\u00e7oit sur rendez-vous ou se d\u00e9place \u00e0 Bordeaux et la CUB. Patient, comp\u00e9tent et efficace, il vous offre la meilleure r\u00e9ponse au stress et \u00e0 l\u2019inqui\u00e9tude g\u00e9n\u00e9r\u00e9s par un appareil en panne, un probl\u00e8me de r\u00e9seau, d\u2019imprimante ou une configuration qui dysfonctionne.<\/span><\/p>\n<p>[\/et_pb_team_member][\/et_pb_column][et_pb_column type=\u00a0\u00bb1_3&Prime; _builder_version=\u00a0\u00bb4.16&Prime; _module_preset=\u00a0\u00bbdefault\u00a0\u00bb global_colors_info=\u00a0\u00bb{}\u00a0\u00bb][\/et_pb_column][\/et_pb_row][\/et_pb_section][et_pb_section fb_built=\u00a0\u00bb1&Prime; fullwidth=\u00a0\u00bbon\u00a0\u00bb _builder_version=\u00a0\u00bb4.16&Prime; _module_preset=\u00a0\u00bbdefault\u00a0\u00bb global_colors_info=\u00a0\u00bb{}\u00a0\u00bb][et_pb_fullwidth_code _builder_version=\u00a0\u00bb4.16&Prime; _module_preset=\u00a0\u00bbdefault\u00a0\u00bb global_colors_info=\u00a0\u00bb{}\u00a0\u00bb]<\/p>\n<div id=\"wrapper-9cd199b9cc5410cd3b1ad21cab2e54d3\"><!-- [et_pb_line_break_holder] -->\t\t<\/p>\n<div style=\"height:100%\" id=\"map-9cd199b9cc5410cd3b1ad21cab2e54d3\"><\/div>\n<p><script>(function () {<!-- [et_pb_line_break_holder] -->        var setting = {\"height\":600,\"zoom\":16,\"queryString\":\"17 Rue Bouqui\u00e8re, Bordeaux, France\",\"place_id\":\"ChIJ1d8yHM8nVQ0Rlf__lvrNiz0\",\"satellite\":false,\"centerCoord\":[44.83664361579001,-0.5708430999999914],\"cid\":\"0x3d8bcdfa96ffff95\",\"lang\":\"fr\",\"cityUrl\":\"\/france\/bordeaux-18063\",\"cityAnchorText\":\"Carte de Bordeaux, Sud de la France, France\",\"id\":\"map-9cd199b9cc5410cd3b1ad21cab2e54d3\",\"embed_id\":\"356862\"};<!-- [et_pb_line_break_holder] -->        var d = document;<!-- [et_pb_line_break_holder] -->        var s = d.createElement('script');<!-- [et_pb_line_break_holder] -->        s.src = 'https:\/\/1map.com\/js\/script-for-user.js?embed_id=356862';<!-- [et_pb_line_break_holder] -->        s.async = true;<!-- [et_pb_line_break_holder] -->        s.onload = function (e) {<!-- [et_pb_line_break_holder] -->          window.OneMap.initMap(setting)<!-- [et_pb_line_break_holder] -->        };<!-- [et_pb_line_break_holder] -->        var to = d.getElementsByTagName('script')[0];<!-- [et_pb_line_break_holder] -->        to.parentNode.insertBefore(s, to);<!-- [et_pb_line_break_holder] -->      })();<\/script><a href=\"https:\/\/1map.com\/fr\/map-embed\">1 Map<\/a><\/div>\n<p>[\/et_pb_fullwidth_code][\/et_pb_section][et_pb_section fb_built=\u00a0\u00bb1&Prime; _builder_version=\u00a0\u00bb4.7.7&Prime; _module_preset=\u00a0\u00bbdefault\u00a0\u00bb background_color=\u00a0\u00bb#ed502c\u00a0\u00bb global_module=\u00a0\u00bb167&Prime; saved_tabs=\u00a0\u00bball\u00a0\u00bb global_colors_info=\u00a0\u00bb{}\u00a0\u00bb][et_pb_row _builder_version=\u00a0\u00bb4.16&Prime; _module_preset=\u00a0\u00bbdefault\u00a0\u00bb global_colors_info=\u00a0\u00bb{}\u00a0\u00bb][et_pb_column type=\u00a0\u00bb4_4&Prime; _builder_version=\u00a0\u00bb4.16&Prime; _module_preset=\u00a0\u00bbdefault\u00a0\u00bb global_colors_info=\u00a0\u00bb{}\u00a0\u00bb][et_pb_text _builder_version=\u00a0\u00bb4.16&Prime; _module_preset=\u00a0\u00bbdefault\u00a0\u00bb text_font=\u00a0\u00bbMontserrat|700|||||||\u00a0\u00bb text_text_color=\u00a0\u00bb#ffffff\u00a0\u00bb text_font_size=\u00a0\u00bb34px\u00a0\u00bb text_line_height=\u00a0\u00bb1.1em\u00a0\u00bb header_4_font=\u00a0\u00bbMontserrat||||||||\u00a0\u00bb header_4_text_align=\u00a0\u00bbcenter\u00a0\u00bb header_4_text_color=\u00a0\u00bb#ffffff\u00a0\u00bb header_4_line_height=\u00a0\u00bb1.4em\u00a0\u00bb text_orientation=\u00a0\u00bbcenter\u00a0\u00bb text_font_size_tablet=\u00a0\u00bb\u00a0\u00bb text_font_size_phone=\u00a0\u00bb26px\u00a0\u00bb text_font_size_last_edited=\u00a0\u00bbon|phone\u00a0\u00bb header_4_font_size_tablet=\u00a0\u00bb\u00a0\u00bb header_4_font_size_phone=\u00a0\u00bb16px\u00a0\u00bb header_4_font_size_last_edited=\u00a0\u00bbon|phone\u00a0\u00bb global_colors_info=\u00a0\u00bb{}\u00a0\u00bb]<\/p>\n<h4>Besoin d&rsquo;une r\u00e9paration ou de conseil sur votre mat\u00e9riel Apple ?<\/h4>\n<p>Nous sommes l\u00e0 pour vous aider !<\/p>\n<p>[\/et_pb_text][et_pb_button button_url=\u00a0\u00bb@ET-DC@eyJkeW5hbWljIjp0cnVlLCJjb250ZW50IjoicG9zdF9saW5rX3VybF9wYWdlIiwic2V0dGluZ3MiOnsicG9zdF9pZCI6IjY4NyJ9fQ==@\u00a0\u00bb button_text=\u00a0\u00bbPrendre Rendez-vous\u00a0\u00bb button_alignment=\u00a0\u00bbcenter\u00a0\u00bb _builder_version=\u00a0\u00bb4.16&Prime; _dynamic_attributes=\u00a0\u00bbbutton_url\u00a0\u00bb _module_preset=\u00a0\u00bbdefault\u00a0\u00bb custom_button=\u00a0\u00bbon\u00a0\u00bb button_text_size=\u00a0\u00bb24px\u00a0\u00bb button_text_color=\u00a0\u00bb#ed502c\u00a0\u00bb button_bg_color=\u00a0\u00bb#FFFFFF\u00a0\u00bb button_border_width=\u00a0\u00bb0px\u00a0\u00bb button_border_radius=\u00a0\u00bb0px\u00a0\u00bb button_font=\u00a0\u00bbMontserrat|600|||||||\u00a0\u00bb background_layout=\u00a0\u00bbdark\u00a0\u00bb box_shadow_style=\u00a0\u00bbpreset3&Prime; global_colors_info=\u00a0\u00bb{}\u00a0\u00bb][\/et_pb_button][et_pb_text _builder_version=\u00a0\u00bb4.16&Prime; _module_preset=\u00a0\u00bbdefault\u00a0\u00bb text_text_color=\u00a0\u00bb#FFFFFF\u00a0\u00bb text_font_size=\u00a0\u00bb12px\u00a0\u00bb link_font=\u00a0\u00bb|700|||on||||\u00a0\u00bb link_text_color=\u00a0\u00bb#FFFFFF\u00a0\u00bb text_orientation=\u00a0\u00bbcenter\u00a0\u00bb global_colors_info=\u00a0\u00bb{}\u00a0\u00bb]<\/p>\n<p>Pour toutes autres informations vous pouvez utiliser notre <a href=\"https:\/\/macbrowser.fr\/index.php\/contact\/\">formulaire de contact<\/a><\/p>\n<p>[\/et_pb_text][\/et_pb_column][\/et_pb_row][\/et_pb_section]<\/p>\n","protected":false},"excerpt":{"rendered":"<p>Qui est Macbrowser? &nbsp; &nbsp; Fort d\u2019une expertise d\u2019une vingtaine d\u2019ann\u00e9es, Macbrowser est une soci\u00e9t\u00e9 de r\u00e9paration et de formation sp\u00e9cialis\u00e9e Apple. Notre mantra : r\u00e9activit\u00e9, sens du service, \u00e9cologie et garantie. Notre objectif premier est de vous soulager rapidement de vos probl\u00e8mes techniques, dans un esprit \u00e9cologique de r\u00e9paration et non de remplacement. Contactez-nous, [&hellip;]<\/p>\n","protected":false},"author":1,"featured_media":0,"parent":0,"menu_order":0,"comment_status":"closed","ping_status":"closed","template":"","meta":{"_et_pb_use_builder":"on","_et_pb_old_content":"<!-- wp:divi\/placeholder \/-->","_et_gb_content_width":"","footnotes":""},"class_list":["post-37","page","type-page","status-publish","hentry"],"yoast_head":"<!-- This site is optimized with the Yoast SEO plugin v26.6 - https:\/\/yoast.com\/wordpress\/plugins\/seo\/ -->\n<title>MacBrowser r\u00e9parateur Apple \u00e0 Bordeaux - Macbrowser<\/title>\n<meta name=\"description\" content=\"D\u00e9couvrez Macbrowser , ses services, ses engagements, ses contacts et o\u00f9 nous trouver.\" \/>\n<meta name=\"robots\" content=\"index, follow, max-snippet:-1, max-image-preview:large, max-video-preview:-1\" \/>\n<link rel=\"canonical\" href=\"https:\/\/macbrowser.fr\/index.php\/societe\/\" \/>\n<meta property=\"og:locale\" content=\"fr_FR\" \/>\n<meta property=\"og:type\" content=\"article\" \/>\n<meta property=\"og:title\" content=\"MacBrowser r\u00e9parateur Apple \u00e0 Bordeaux - Macbrowser\" \/>\n<meta property=\"og:description\" content=\"D\u00e9couvrez Macbrowser , ses services, ses engagements, ses contacts et o\u00f9 nous trouver.\" \/>\n<meta property=\"og:url\" content=\"https:\/\/macbrowser.fr\/index.php\/societe\/\" \/>\n<meta property=\"og:site_name\" content=\"Macbrowser\" \/>\n<meta property=\"article:modified_time\" content=\"2023-10-02T13:27:14+00:00\" \/>\n<meta name=\"twitter:card\" content=\"summary_large_image\" \/>\n<meta name=\"twitter:label1\" content=\"Dur\u00e9e de lecture estim\u00e9e\" \/>\n\t<meta name=\"twitter:data1\" content=\"5 minutes\" \/>\n<script type=\"application\/ld+json\" class=\"yoast-schema-graph\">{\"@context\":\"https:\/\/schema.org\",\"@graph\":[{\"@type\":\"WebPage\",\"@id\":\"https:\/\/macbrowser.fr\/index.php\/societe\/\",\"url\":\"https:\/\/macbrowser.fr\/index.php\/societe\/\",\"name\":\"MacBrowser r\u00e9parateur Apple \u00e0 Bordeaux - Macbrowser\",\"isPartOf\":{\"@id\":\"https:\/\/macbrowser.fr\/#website\"},\"datePublished\":\"2020-09-21T14:39:12+00:00\",\"dateModified\":\"2023-10-02T13:27:14+00:00\",\"description\":\"D\u00e9couvrez Macbrowser , ses services, ses engagements, ses contacts et o\u00f9 nous trouver.\",\"breadcrumb\":{\"@id\":\"https:\/\/macbrowser.fr\/index.php\/societe\/#breadcrumb\"},\"inLanguage\":\"fr-FR\",\"potentialAction\":[{\"@type\":\"ReadAction\",\"target\":[\"https:\/\/macbrowser.fr\/index.php\/societe\/\"]}]},{\"@type\":\"BreadcrumbList\",\"@id\":\"https:\/\/macbrowser.fr\/index.php\/societe\/#breadcrumb\",\"itemListElement\":[{\"@type\":\"ListItem\",\"position\":1,\"name\":\"Home\",\"item\":\"https:\/\/macbrowser.fr\/\"},{\"@type\":\"ListItem\",\"position\":2,\"name\":\"Soci\u00e9t\u00e9 Macbrowser\"}]},{\"@type\":\"WebSite\",\"@id\":\"https:\/\/macbrowser.fr\/#website\",\"url\":\"https:\/\/macbrowser.fr\/\",\"name\":\"Macbrowser\",\"description\":\"Votre r\u00e9parateur Apple en centre ville de Bordeaux.\",\"publisher\":{\"@id\":\"https:\/\/macbrowser.fr\/#organization\"},\"potentialAction\":[{\"@type\":\"SearchAction\",\"target\":{\"@type\":\"EntryPoint\",\"urlTemplate\":\"https:\/\/macbrowser.fr\/?s={search_term_string}\"},\"query-input\":{\"@type\":\"PropertyValueSpecification\",\"valueRequired\":true,\"valueName\":\"search_term_string\"}}],\"inLanguage\":\"fr-FR\"},{\"@type\":\"Organization\",\"@id\":\"https:\/\/macbrowser.fr\/#organization\",\"name\":\"MacBrowser\",\"url\":\"https:\/\/macbrowser.fr\/\",\"logo\":{\"@type\":\"ImageObject\",\"inLanguage\":\"fr-FR\",\"@id\":\"https:\/\/macbrowser.fr\/#\/schema\/logo\/image\/\",\"url\":\"https:\/\/macbrowser.fr\/wp-content\/uploads\/2020\/09\/logo-old.png\",\"contentUrl\":\"https:\/\/macbrowser.fr\/wp-content\/uploads\/2020\/09\/logo-old.png\",\"width\":180,\"height\":43,\"caption\":\"MacBrowser\"},\"image\":{\"@id\":\"https:\/\/macbrowser.fr\/#\/schema\/logo\/image\/\"}}]}<\/script>\n<!-- \/ Yoast SEO plugin. -->","yoast_head_json":{"title":"MacBrowser r\u00e9parateur Apple \u00e0 Bordeaux - Macbrowser","description":"D\u00e9couvrez Macbrowser , ses services, ses engagements, ses contacts et o\u00f9 nous trouver.","robots":{"index":"index","follow":"follow","max-snippet":"max-snippet:-1","max-image-preview":"max-image-preview:large","max-video-preview":"max-video-preview:-1"},"canonical":"https:\/\/macbrowser.fr\/index.php\/societe\/","og_locale":"fr_FR","og_type":"article","og_title":"MacBrowser r\u00e9parateur Apple \u00e0 Bordeaux - Macbrowser","og_description":"D\u00e9couvrez Macbrowser , ses services, ses engagements, ses contacts et o\u00f9 nous trouver.","og_url":"https:\/\/macbrowser.fr\/index.php\/societe\/","og_site_name":"Macbrowser","article_modified_time":"2023-10-02T13:27:14+00:00","twitter_card":"summary_large_image","twitter_misc":{"Dur\u00e9e de lecture estim\u00e9e":"5 minutes"},"schema":{"@context":"https:\/\/schema.org","@graph":[{"@type":"WebPage","@id":"https:\/\/macbrowser.fr\/index.php\/societe\/","url":"https:\/\/macbrowser.fr\/index.php\/societe\/","name":"MacBrowser r\u00e9parateur Apple \u00e0 Bordeaux - Macbrowser","isPartOf":{"@id":"https:\/\/macbrowser.fr\/#website"},"datePublished":"2020-09-21T14:39:12+00:00","dateModified":"2023-10-02T13:27:14+00:00","description":"D\u00e9couvrez Macbrowser , ses services, ses engagements, ses contacts et o\u00f9 nous trouver.","breadcrumb":{"@id":"https:\/\/macbrowser.fr\/index.php\/societe\/#breadcrumb"},"inLanguage":"fr-FR","potentialAction":[{"@type":"ReadAction","target":["https:\/\/macbrowser.fr\/index.php\/societe\/"]}]},{"@type":"BreadcrumbList","@id":"https:\/\/macbrowser.fr\/index.php\/societe\/#breadcrumb","itemListElement":[{"@type":"ListItem","position":1,"name":"Home","item":"https:\/\/macbrowser.fr\/"},{"@type":"ListItem","position":2,"name":"Soci\u00e9t\u00e9 Macbrowser"}]},{"@type":"WebSite","@id":"https:\/\/macbrowser.fr\/#website","url":"https:\/\/macbrowser.fr\/","name":"Macbrowser","description":"Votre r\u00e9parateur Apple en centre ville de Bordeaux.","publisher":{"@id":"https:\/\/macbrowser.fr\/#organization"},"potentialAction":[{"@type":"SearchAction","target":{"@type":"EntryPoint","urlTemplate":"https:\/\/macbrowser.fr\/?s={search_term_string}"},"query-input":{"@type":"PropertyValueSpecification","valueRequired":true,"valueName":"search_term_string"}}],"inLanguage":"fr-FR"},{"@type":"Organization","@id":"https:\/\/macbrowser.fr\/#organization","name":"MacBrowser","url":"https:\/\/macbrowser.fr\/","logo":{"@type":"ImageObject","inLanguage":"fr-FR","@id":"https:\/\/macbrowser.fr\/#\/schema\/logo\/image\/","url":"https:\/\/macbrowser.fr\/wp-content\/uploads\/2020\/09\/logo-old.png","contentUrl":"https:\/\/macbrowser.fr\/wp-content\/uploads\/2020\/09\/logo-old.png","width":180,"height":43,"caption":"MacBrowser"},"image":{"@id":"https:\/\/macbrowser.fr\/#\/schema\/logo\/image\/"}}]}},"_links":{"self":[{"href":"https:\/\/macbrowser.fr\/index.php\/wp-json\/wp\/v2\/pages\/37","targetHints":{"allow":["GET"]}}],"collection":[{"href":"https:\/\/macbrowser.fr\/index.php\/wp-json\/wp\/v2\/pages"}],"about":[{"href":"https:\/\/macbrowser.fr\/index.php\/wp-json\/wp\/v2\/types\/page"}],"author":[{"embeddable":true,"href":"https:\/\/macbrowser.fr\/index.php\/wp-json\/wp\/v2\/users\/1"}],"replies":[{"embeddable":true,"href":"https:\/\/macbrowser.fr\/index.php\/wp-json\/wp\/v2\/comments?post=37"}],"version-history":[{"count":26,"href":"https:\/\/macbrowser.fr\/index.php\/wp-json\/wp\/v2\/pages\/37\/revisions"}],"predecessor-version":[{"id":730,"href":"https:\/\/macbrowser.fr\/index.php\/wp-json\/wp\/v2\/pages\/37\/revisions\/730"}],"wp:attachment":[{"href":"https:\/\/macbrowser.fr\/index.php\/wp-json\/wp\/v2\/media?parent=37"}],"curies":[{"name":"wp","href":"https:\/\/api.w.org\/{rel}","templated":true}]}}