{"id":39,"date":"2020-09-21T16:39:33","date_gmt":"2020-09-21T14:39:33","guid":{"rendered":"https:\/\/macbrowser.fr\/?page_id=39"},"modified":"2023-09-15T18:42:52","modified_gmt":"2023-09-15T16:42:52","slug":"contact","status":"publish","type":"page","link":"https:\/\/macbrowser.fr\/index.php\/contact\/","title":{"rendered":"Contacter Macbrowser"},"content":{"rendered":"<p>[et_pb_section fb_built=\u00a0\u00bb1&Prime; _builder_version=\u00a0\u00bb4.7.7&Prime; _module_preset=\u00a0\u00bbdefault\u00a0\u00bb use_background_color_gradient=\u00a0\u00bbon\u00a0\u00bb background_color_gradient_start=\u00a0\u00bb#000000&Prime; background_color_gradient_end=\u00a0\u00bbrgba(10,2,2,0)\u00a0\u00bb background_color_gradient_overlays_image=\u00a0\u00bbon\u00a0\u00bb background_image=\u00a0\u00bbhttps:\/\/macbrowser.fr\/wp-content\/uploads\/2021\/01\/head4-min.jpg\u00a0\u00bb parallax=\u00a0\u00bbon\u00a0\u00bb custom_padding=\u00a0\u00bb166px||166px||true|\u00a0\u00bb global_colors_info=\u00a0\u00bb{}\u00a0\u00bb][et_pb_row column_structure=\u00a0\u00bb1_2,1_2&Prime; module_id=\u00a0\u00bbcontact\u00a0\u00bb _builder_version=\u00a0\u00bb4.7.7&Prime; _module_preset=\u00a0\u00bbdefault\u00a0\u00bb global_colors_info=\u00a0\u00bb{}\u00a0\u00bb][et_pb_column type=\u00a0\u00bb1_2&Prime; _builder_version=\u00a0\u00bb4.6.3&Prime; _module_preset=\u00a0\u00bbdefault\u00a0\u00bb global_colors_info=\u00a0\u00bb{}\u00a0\u00bb][et_pb_text _builder_version=\u00a0\u00bb4.6.3&Prime; _module_preset=\u00a0\u00bbdefault\u00a0\u00bb text_text_color=\u00a0\u00bb#ffffff\u00a0\u00bb header_2_font=\u00a0\u00bbMontserrat|300|||||||\u00a0\u00bb header_2_text_color=\u00a0\u00bb#ffffff\u00a0\u00bb header_2_font_size=\u00a0\u00bb45px\u00a0\u00bb global_colors_info=\u00a0\u00bb{}\u00a0\u00bb]<\/p>\n<h2>Nous contacter<\/h2>\n<p>&nbsp;<\/p>\n<hr class=\"main\" \/>\n<p>&nbsp;<\/p>\n<p>Il y a de fortes chances que nous puissions r\u00e9parer votre produit Apple au plus rapide et au meilleur prix. N\u2019h\u00e9sitez pas \u00e0 nous appeler, ou \u00e0 nous envoyer un mail auquel nous r\u00e9pondrons dans les 24h.<\/p>\n<p>[\/et_pb_text][\/et_pb_column][et_pb_column type=\u00a0\u00bb1_2&Prime; _builder_version=\u00a0\u00bb4.6.3&Prime; _module_preset=\u00a0\u00bbdefault\u00a0\u00bb global_colors_info=\u00a0\u00bb{}\u00a0\u00bb][\/et_pb_column][\/et_pb_row][\/et_pb_section][et_pb_section fb_built=\u00a0\u00bb1&Prime; _builder_version=\u00a0\u00bb4.10.6&Prime; _module_preset=\u00a0\u00bbdefault\u00a0\u00bb background_color=\u00a0\u00bb#ed502c\u00a0\u00bb hover_enabled=\u00a0\u00bb0&Prime; sticky_enabled=\u00a0\u00bb0&Prime;][et_pb_row _builder_version=\u00a0\u00bb4.6.3&Prime; _module_preset=\u00a0\u00bbdefault\u00a0\u00bb global_colors_info=\u00a0\u00bb{}\u00a0\u00bb][et_pb_column type=\u00a0\u00bb4_4&Prime; _builder_version=\u00a0\u00bb4.6.3&Prime; _module_preset=\u00a0\u00bbdefault\u00a0\u00bb global_colors_info=\u00a0\u00bb{}\u00a0\u00bb][et_pb_text _builder_version=\u00a0\u00bb4.10.6&Prime; _module_preset=\u00a0\u00bbdefault\u00a0\u00bb text_font=\u00a0\u00bbMontserrat|700|||||||\u00a0\u00bb text_text_color=\u00a0\u00bb#ffffff\u00a0\u00bb text_font_size=\u00a0\u00bb34px\u00a0\u00bb text_line_height=\u00a0\u00bb1.1em\u00a0\u00bb header_4_font=\u00a0\u00bbMontserrat||||||||\u00a0\u00bb header_4_text_align=\u00a0\u00bbcenter\u00a0\u00bb header_4_text_color=\u00a0\u00bb#ffffff\u00a0\u00bb header_4_line_height=\u00a0\u00bb1.4em\u00a0\u00bb text_orientation=\u00a0\u00bbcenter\u00a0\u00bb hover_enabled=\u00a0\u00bb0&Prime; text_font_size_tablet=\u00a0\u00bb\u00a0\u00bb text_font_size_phone=\u00a0\u00bb26px\u00a0\u00bb text_font_size_last_edited=\u00a0\u00bbon|phone\u00a0\u00bb header_4_font_size_tablet=\u00a0\u00bb\u00a0\u00bb header_4_font_size_phone=\u00a0\u00bb16px\u00a0\u00bb header_4_font_size_last_edited=\u00a0\u00bbon|phone\u00a0\u00bb global_colors_info=\u00a0\u00bb{}\u00a0\u00bb sticky_enabled=\u00a0\u00bb0&Prime;]<\/p>\n<h4>Pour toutes questions sur nos services<\/h4>\n<p>Nous sommes l\u00e0 pour y r\u00e9pondre !<\/p>\n<p>[\/et_pb_text][et_pb_code _builder_version=\u00a0\u00bb4.10.6&Prime; _module_preset=\u00a0\u00bbdefault\u00a0\u00bb hover_enabled=\u00a0\u00bb0&Prime; global_colors_info=\u00a0\u00bb{}\u00a0\u00bb module_alignment=\u00a0\u00bbcenter\u00a0\u00bb sticky_enabled=\u00a0\u00bb0&Prime;]\n<div class=\"wpcf7 no-js\" id=\"wpcf7-f31-o1\" lang=\"en-US\" dir=\"ltr\" data-wpcf7-id=\"31\">\n<div class=\"screen-reader-response\"><p role=\"status\" aria-live=\"polite\" aria-atomic=\"true\"><\/p> <ul><\/ul><\/div>\n<form action=\"\/index.php\/wp-json\/wp\/v2\/pages\/39#wpcf7-f31-o1\" method=\"post\" class=\"wpcf7-form init\" aria-label=\"Contact form\" novalidate=\"novalidate\" data-status=\"init\">\n<fieldset class=\"hidden-fields-container\"><input type=\"hidden\" name=\"_wpcf7\" value=\"31\" \/><input type=\"hidden\" name=\"_wpcf7_version\" value=\"6.1.4\" \/><input type=\"hidden\" name=\"_wpcf7_locale\" value=\"en_US\" \/><input type=\"hidden\" name=\"_wpcf7_unit_tag\" value=\"wpcf7-f31-o1\" \/><input type=\"hidden\" name=\"_wpcf7_container_post\" value=\"0\" \/><input type=\"hidden\" name=\"_wpcf7_posted_data_hash\" value=\"\" \/>\n<\/fieldset>\n<p><span class=\"wpcf7-form-control-wrap\" data-name=\"your-lastname\"><input size=\"40\" maxlength=\"400\" class=\"wpcf7-form-control wpcf7-text wpcf7-validates-as-required\" aria-required=\"true\" aria-invalid=\"false\" placeholder=\"Nom*\" value=\"\" type=\"text\" name=\"your-lastname\" \/><\/span>\n<\/p>\n<p><span class=\"wpcf7-form-control-wrap\" data-name=\"your-firstname\"><input size=\"40\" maxlength=\"400\" class=\"wpcf7-form-control wpcf7-text wpcf7-validates-as-required\" aria-required=\"true\" aria-invalid=\"false\" placeholder=\"Pr\u00e9nom*\" value=\"\" type=\"text\" name=\"your-firstname\" \/><\/span>\n<\/p>\n<p><span class=\"wpcf7-form-control-wrap\" data-name=\"your-email\"><input size=\"40\" maxlength=\"400\" class=\"wpcf7-form-control wpcf7-email wpcf7-validates-as-required wpcf7-text wpcf7-validates-as-email\" aria-required=\"true\" aria-invalid=\"false\" placeholder=\"Email*\" value=\"\" type=\"email\" name=\"your-email\" \/><\/span>\n<\/p>\n<p><span class=\"wpcf7-form-control-wrap\" data-name=\"tel-801\"><input size=\"40\" maxlength=\"400\" class=\"wpcf7-form-control wpcf7-tel wpcf7-text wpcf7-validates-as-tel\" aria-invalid=\"false\" placeholder=\"T\u00e9l\u00e9phone*\" value=\"\" type=\"tel\" name=\"tel-801\" \/><\/span>\n<\/p>\n<p><span id=\"wpcf7-69f459a097859-wrapper\" class=\"wpcf7-form-control-wrap website-wrap\" style=\"display:none !important; visibility:hidden !important;\"><label for=\"wpcf7-69f459a097859-field\" class=\"hp-message\">Please leave this field empty.<\/label><input id=\"wpcf7-69f459a097859-field\"  placeholder=\"honeypot\"  class=\"wpcf7-form-control wpcf7-text\" type=\"text\" name=\"website\" value=\"\" size=\"40\" tabindex=\"-1\" autocomplete=\"new-password\" \/><\/span>\n<\/p>\n<p><span class=\"wpcf7-form-control-wrap\" data-name=\"Objet\"><select class=\"wpcf7-form-control wpcf7-select wpcf7-validates-as-required\" aria-required=\"true\" aria-invalid=\"false\" name=\"Objet\"><option value=\"Objet de la demande*\">Objet de la demande*<\/option><option value=\"R\u00e9paration &amp; Entretien de mon Mac\">R\u00e9paration &amp; Entretien de mon Mac<\/option><option value=\"R\u00e9paration &amp; Entretien de mon iPhone\">R\u00e9paration &amp; Entretien de mon iPhone<\/option><option value=\"R\u00e9cup\u00e9ration de donn\u00e9es\">R\u00e9cup\u00e9ration de donn\u00e9es<\/option><option value=\"Formation sur les logiciels Apple\">Formation sur les logiciels Apple<\/option><option value=\"Autre...\">Autre...<\/option><\/select><\/span>\n<\/p>\n<p><span class=\"wpcf7-form-control-wrap\" data-name=\"your-message\"><textarea cols=\"40\" rows=\"10\" maxlength=\"2000\" class=\"wpcf7-form-control wpcf7-textarea wpcf7-validates-as-required\" aria-required=\"true\" aria-invalid=\"false\" placeholder=\"Message* (une copie de votre message vous sera envoy\u00e9 apr\u00e8s l&#039;envoi de ce formulaire)\" name=\"your-message\"><\/textarea><\/span>\n<\/p>\n<p><span class=\"wpcf7-form-control-wrap\" data-name=\"acceptance-612\"><span class=\"wpcf7-form-control wpcf7-acceptance\"><span class=\"wpcf7-list-item\"><label><input type=\"checkbox\" name=\"acceptance-612\" value=\"1\" aria-invalid=\"false\" \/><span class=\"wpcf7-list-item-label\">En cochant cette case je reconnais avoir pris connaissance des Mentions L\u00e9gales - RGPD de Macbrowser et donne l'autorisation expresse \u00e0 Macbrowser de me recontacter gr\u00e2ce \u00e0 cette adresse e-mail.<\/span><\/label><\/span><\/span><\/span>\n<\/p>\n<p><span class=\"wpcf7-form-control-wrap kc_captcha\" data-name=\"kc_captcha\"><span class=\"wpcf7-form-control wpcf7-radio\"><span class=\"captcha-image\" ><span class=\"cf7ic_instructions\">Please prove you are human by selecting the<span> cup<\/span>.<\/span><label><input aria-label=\"1\" type=\"radio\" name=\"kc_captcha\" value=\"kc_human\" \/><svg aria-hidden=\"true\" role=\"img\" xmlns=\"http:\/\/www.w3.org\/2000\/svg\" viewBox=\"0 0 640 512\"><path fill=\"currentColor\" d=\"M192 384h192c53 0 96-43 96-96h32a128 128 0 000-256H120c-13 0-24 11-24 24v232c0 53 43 96 96 96zM512 96a64 64 0 010 128h-32V96h32zm48 384H48c-47 0-61-64-36-64h584c25 0 11 64-36 64z\"\/><\/svg><\/label><label><input aria-label=\"2\" type=\"radio\" name=\"kc_captcha\" value=\"bot\" \/><svg aria-hidden=\"true\" role=\"img\" xmlns=\"http:\/\/www.w3.org\/2000\/svg\" viewBox=\"0 0 384 512\"><path fill=\"currentColor\" d=\"M377 375l-83-87h34c21 0 32-25 17-40l-82-88h33c21 0 32-25 18-40L210 8c-10-11-26-11-36 0L70 120c-14 15-3 40 18 40h33l-82 88c-15 15-4 40 17 40h34L7 375c-15 16-4 41 17 41h120c0 33-11 49-34 68-12 9-5 28 10 28h144c15 0 22-19 10-28-20-16-34-32-34-68h120c21 0 32-25 17-41z\"\/><\/svg><\/label><label><input aria-label=\"3\" type=\"radio\" name=\"kc_captcha\" value=\"bot\" \/><svg aria-hidden=\"true\" role=\"img\" xmlns=\"http:\/\/www.w3.org\/2000\/svg\" viewBox=\"0 0 576 512\"><path fill=\"currentColor\" d=\"M472 200H360L256 6a12 12 0 00-10-6h-58c-8 0-14 7-12 15l34 185H100l-35-58a12 12 0 00-10-6H12c-8 0-13 7-12 14l21 106L0 362c-1 7 4 14 12 14h43c4 0 8-2 10-6l35-58h110l-34 185c-2 8 4 15 12 15h58a12 12 0 0010-6l104-194h112c57 0 104-25 104-56s-47-56-104-56z\"\/><\/svg><\/label>\r\n    <\/span>\r\n    <span style=\"display:none\">\r\n        <input type=\"text\" name=\"kc_honeypot\">\r\n    <\/span><\/span><\/span>\n<\/p>\n<p><input class=\"wpcf7-form-control wpcf7-submit has-spinner\" type=\"submit\" value=\"Envoyer\" \/>\n<\/p><p style=\"display: none !important;\" class=\"akismet-fields-container\" data-prefix=\"_wpcf7_ak_\"><label>&#916;<textarea name=\"_wpcf7_ak_hp_textarea\" cols=\"45\" rows=\"8\" maxlength=\"100\"><\/textarea><\/label><input type=\"hidden\" id=\"ak_js_1\" name=\"_wpcf7_ak_js\" value=\"157\"\/><script>document.getElementById( \"ak_js_1\" ).setAttribute( \"value\", ( new Date() ).getTime() );<\/script><\/p><div class=\"wpcf7-response-output\" aria-hidden=\"true\"><\/div>\n<\/form>\n<\/div>\n[\/et_pb_code][\/et_pb_column][\/et_pb_row][\/et_pb_section]<\/p>\n","protected":false},"excerpt":{"rendered":"<p>Nous contacter &nbsp; &nbsp; Il y a de fortes chances que nous puissions r\u00e9parer votre produit Apple au plus rapide et au meilleur prix. N\u2019h\u00e9sitez pas \u00e0 nous appeler, ou \u00e0 nous envoyer un mail auquel nous r\u00e9pondrons dans les 24h.Pour toutes questions sur nos services Nous sommes l\u00e0 pour y r\u00e9pondre !<p class=\"wpcf7-contact-form-not-found\"><strong>Erreur\u00a0:<\/strong> Formulaire de contact non trouv\u00e9\u00a0!<\/p><\/p>\n","protected":false},"author":1,"featured_media":0,"parent":0,"menu_order":0,"comment_status":"closed","ping_status":"closed","template":"","meta":{"_et_pb_use_builder":"on","_et_pb_old_content":"<!-- wp:divi\/placeholder \/-->","_et_gb_content_width":"","footnotes":""},"class_list":["post-39","page","type-page","status-publish","hentry"],"yoast_head":"<!-- This site is optimized with the Yoast SEO plugin v26.6 - https:\/\/yoast.com\/wordpress\/plugins\/seo\/ -->\n<title>Contacter Macbrowser votre r\u00e9parateur Apple \u00e0 Bordeaux - Macbrowser<\/title>\n<meta name=\"description\" content=\"Macbrowser - Contact r\u00e9parateur Apple Bordeaux - Votre r\u00e9parateur sp\u00e9cialis\u00e9 Mac, iPhone et autres produits Apple \u00e0 Bordeaux.\" \/>\n<meta name=\"robots\" content=\"index, follow, max-snippet:-1, max-image-preview:large, max-video-preview:-1\" \/>\n<link rel=\"canonical\" href=\"https:\/\/macbrowser.fr\/index.php\/contact\/\" \/>\n<meta property=\"og:locale\" content=\"fr_FR\" \/>\n<meta property=\"og:type\" content=\"article\" \/>\n<meta property=\"og:title\" content=\"Contacter Macbrowser votre r\u00e9parateur Apple \u00e0 Bordeaux - Macbrowser\" \/>\n<meta property=\"og:description\" content=\"Macbrowser - Contact r\u00e9parateur Apple Bordeaux - Votre r\u00e9parateur sp\u00e9cialis\u00e9 Mac, iPhone et autres produits Apple \u00e0 Bordeaux.\" \/>\n<meta property=\"og:url\" content=\"https:\/\/macbrowser.fr\/index.php\/contact\/\" \/>\n<meta property=\"og:site_name\" content=\"Macbrowser\" \/>\n<meta property=\"article:modified_time\" content=\"2023-09-15T16:42:52+00:00\" \/>\n<meta name=\"twitter:card\" content=\"summary_large_image\" \/>\n<meta name=\"twitter:label1\" content=\"Dur\u00e9e de lecture estim\u00e9e\" \/>\n\t<meta name=\"twitter:data1\" content=\"1 minute\" \/>\n<script type=\"application\/ld+json\" class=\"yoast-schema-graph\">{\"@context\":\"https:\/\/schema.org\",\"@graph\":[{\"@type\":\"WebPage\",\"@id\":\"https:\/\/macbrowser.fr\/index.php\/contact\/\",\"url\":\"https:\/\/macbrowser.fr\/index.php\/contact\/\",\"name\":\"Contacter Macbrowser votre r\u00e9parateur Apple \u00e0 Bordeaux - Macbrowser\",\"isPartOf\":{\"@id\":\"https:\/\/macbrowser.fr\/#website\"},\"datePublished\":\"2020-09-21T14:39:33+00:00\",\"dateModified\":\"2023-09-15T16:42:52+00:00\",\"description\":\"Macbrowser - Contact r\u00e9parateur Apple Bordeaux - Votre r\u00e9parateur sp\u00e9cialis\u00e9 Mac, iPhone et autres produits Apple \u00e0 Bordeaux.\",\"breadcrumb\":{\"@id\":\"https:\/\/macbrowser.fr\/index.php\/contact\/#breadcrumb\"},\"inLanguage\":\"fr-FR\",\"potentialAction\":[{\"@type\":\"ReadAction\",\"target\":[\"https:\/\/macbrowser.fr\/index.php\/contact\/\"]}]},{\"@type\":\"BreadcrumbList\",\"@id\":\"https:\/\/macbrowser.fr\/index.php\/contact\/#breadcrumb\",\"itemListElement\":[{\"@type\":\"ListItem\",\"position\":1,\"name\":\"Home\",\"item\":\"https:\/\/macbrowser.fr\/\"},{\"@type\":\"ListItem\",\"position\":2,\"name\":\"Contacter Macbrowser\"}]},{\"@type\":\"WebSite\",\"@id\":\"https:\/\/macbrowser.fr\/#website\",\"url\":\"https:\/\/macbrowser.fr\/\",\"name\":\"Macbrowser\",\"description\":\"Votre r\u00e9parateur Apple en centre ville de Bordeaux.\",\"publisher\":{\"@id\":\"https:\/\/macbrowser.fr\/#organization\"},\"potentialAction\":[{\"@type\":\"SearchAction\",\"target\":{\"@type\":\"EntryPoint\",\"urlTemplate\":\"https:\/\/macbrowser.fr\/?s={search_term_string}\"},\"query-input\":{\"@type\":\"PropertyValueSpecification\",\"valueRequired\":true,\"valueName\":\"search_term_string\"}}],\"inLanguage\":\"fr-FR\"},{\"@type\":\"Organization\",\"@id\":\"https:\/\/macbrowser.fr\/#organization\",\"name\":\"MacBrowser\",\"url\":\"https:\/\/macbrowser.fr\/\",\"logo\":{\"@type\":\"ImageObject\",\"inLanguage\":\"fr-FR\",\"@id\":\"https:\/\/macbrowser.fr\/#\/schema\/logo\/image\/\",\"url\":\"https:\/\/macbrowser.fr\/wp-content\/uploads\/2020\/09\/logo-old.png\",\"contentUrl\":\"https:\/\/macbrowser.fr\/wp-content\/uploads\/2020\/09\/logo-old.png\",\"width\":180,\"height\":43,\"caption\":\"MacBrowser\"},\"image\":{\"@id\":\"https:\/\/macbrowser.fr\/#\/schema\/logo\/image\/\"}}]}<\/script>\n<!-- \/ Yoast SEO plugin. -->","yoast_head_json":{"title":"Contacter Macbrowser votre r\u00e9parateur Apple \u00e0 Bordeaux - Macbrowser","description":"Macbrowser - Contact r\u00e9parateur Apple Bordeaux - Votre r\u00e9parateur sp\u00e9cialis\u00e9 Mac, iPhone et autres produits Apple \u00e0 Bordeaux.","robots":{"index":"index","follow":"follow","max-snippet":"max-snippet:-1","max-image-preview":"max-image-preview:large","max-video-preview":"max-video-preview:-1"},"canonical":"https:\/\/macbrowser.fr\/index.php\/contact\/","og_locale":"fr_FR","og_type":"article","og_title":"Contacter Macbrowser votre r\u00e9parateur Apple \u00e0 Bordeaux - Macbrowser","og_description":"Macbrowser - Contact r\u00e9parateur Apple Bordeaux - Votre r\u00e9parateur sp\u00e9cialis\u00e9 Mac, iPhone et autres produits Apple \u00e0 Bordeaux.","og_url":"https:\/\/macbrowser.fr\/index.php\/contact\/","og_site_name":"Macbrowser","article_modified_time":"2023-09-15T16:42:52+00:00","twitter_card":"summary_large_image","twitter_misc":{"Dur\u00e9e de lecture estim\u00e9e":"1 minute"},"schema":{"@context":"https:\/\/schema.org","@graph":[{"@type":"WebPage","@id":"https:\/\/macbrowser.fr\/index.php\/contact\/","url":"https:\/\/macbrowser.fr\/index.php\/contact\/","name":"Contacter Macbrowser votre r\u00e9parateur Apple \u00e0 Bordeaux - Macbrowser","isPartOf":{"@id":"https:\/\/macbrowser.fr\/#website"},"datePublished":"2020-09-21T14:39:33+00:00","dateModified":"2023-09-15T16:42:52+00:00","description":"Macbrowser - Contact r\u00e9parateur Apple Bordeaux - Votre r\u00e9parateur sp\u00e9cialis\u00e9 Mac, iPhone et autres produits Apple \u00e0 Bordeaux.","breadcrumb":{"@id":"https:\/\/macbrowser.fr\/index.php\/contact\/#breadcrumb"},"inLanguage":"fr-FR","potentialAction":[{"@type":"ReadAction","target":["https:\/\/macbrowser.fr\/index.php\/contact\/"]}]},{"@type":"BreadcrumbList","@id":"https:\/\/macbrowser.fr\/index.php\/contact\/#breadcrumb","itemListElement":[{"@type":"ListItem","position":1,"name":"Home","item":"https:\/\/macbrowser.fr\/"},{"@type":"ListItem","position":2,"name":"Contacter Macbrowser"}]},{"@type":"WebSite","@id":"https:\/\/macbrowser.fr\/#website","url":"https:\/\/macbrowser.fr\/","name":"Macbrowser","description":"Votre r\u00e9parateur Apple en centre ville de Bordeaux.","publisher":{"@id":"https:\/\/macbrowser.fr\/#organization"},"potentialAction":[{"@type":"SearchAction","target":{"@type":"EntryPoint","urlTemplate":"https:\/\/macbrowser.fr\/?s={search_term_string}"},"query-input":{"@type":"PropertyValueSpecification","valueRequired":true,"valueName":"search_term_string"}}],"inLanguage":"fr-FR"},{"@type":"Organization","@id":"https:\/\/macbrowser.fr\/#organization","name":"MacBrowser","url":"https:\/\/macbrowser.fr\/","logo":{"@type":"ImageObject","inLanguage":"fr-FR","@id":"https:\/\/macbrowser.fr\/#\/schema\/logo\/image\/","url":"https:\/\/macbrowser.fr\/wp-content\/uploads\/2020\/09\/logo-old.png","contentUrl":"https:\/\/macbrowser.fr\/wp-content\/uploads\/2020\/09\/logo-old.png","width":180,"height":43,"caption":"MacBrowser"},"image":{"@id":"https:\/\/macbrowser.fr\/#\/schema\/logo\/image\/"}}]}},"_links":{"self":[{"href":"https:\/\/macbrowser.fr\/index.php\/wp-json\/wp\/v2\/pages\/39","targetHints":{"allow":["GET"]}}],"collection":[{"href":"https:\/\/macbrowser.fr\/index.php\/wp-json\/wp\/v2\/pages"}],"about":[{"href":"https:\/\/macbrowser.fr\/index.php\/wp-json\/wp\/v2\/types\/page"}],"author":[{"embeddable":true,"href":"https:\/\/macbrowser.fr\/index.php\/wp-json\/wp\/v2\/users\/1"}],"replies":[{"embeddable":true,"href":"https:\/\/macbrowser.fr\/index.php\/wp-json\/wp\/v2\/comments?post=39"}],"version-history":[{"count":12,"href":"https:\/\/macbrowser.fr\/index.php\/wp-json\/wp\/v2\/pages\/39\/revisions"}],"predecessor-version":[{"id":710,"href":"https:\/\/macbrowser.fr\/index.php\/wp-json\/wp\/v2\/pages\/39\/revisions\/710"}],"wp:attachment":[{"href":"https:\/\/macbrowser.fr\/index.php\/wp-json\/wp\/v2\/media?parent=39"}],"curies":[{"name":"wp","href":"https:\/\/api.w.org\/{rel}","templated":true}]}}